{"id":4752,"date":"2022-12-15T10:01:37","date_gmt":"2022-12-15T10:01:37","guid":{"rendered":"https:\/\/www.lagambarrada.com\/?page_id=4752"},"modified":"2022-12-15T14:09:34","modified_gmt":"2022-12-15T14:09:34","slug":"politica-de-privacidad","status":"publish","type":"page","link":"https:\/\/www.lagambarrada.com\/es\/politica-de-privacidad\/","title":{"rendered":"Pol\u00edtica de Privacidad (RGPD)"},"content":{"rendered":"<p>[vc_row css_animation=\u00bb\u00bb row_type=\u00bbrow\u00bb use_row_as_full_screen_section=\u00bbno\u00bb type=\u00bbfull_width\u00bb angled_section=\u00bbno\u00bb text_align=\u00bbleft\u00bb background_image_as_pattern=\u00bbwithout_pattern\u00bb][vc_column][vc_empty_space height=\u00bb160px\u00bb][vc_column_text]<\/p>\r\n<p><u>RESPONSABLE DEL TRATAMIENTO<\/u><\/p>\n<p>FOUR TOWERS VNG SL (LA GAMBARRADA) B16971871, con domicilio en Passeig del Carme, 22, 08800, Vilanova i la Geltr\u00fa Telefono 934860713 y mail <a href=\"mailto:booking@lagambarrada.com\">booking@lagambarrada.com<\/a><\/p>\n<p>&nbsp;<\/p>\n<p><u>FINALIDAD<\/u><\/p>\n<p>La finalidad de la creaci\u00f3n, existencia y mantenimiento es el tratamiento de los datos con los exclusivos fines de de poder hacer efectivo nuestro servicio y realizar la facturaci\u00f3n del mismo.<\/p>\n<p>&nbsp;<\/p>\n<p><u>LEGITIMACI\u00d3N<\/u><\/p>\n<p>La base legal para el tratamiento de sus datos es la ejecuci\u00f3n de la prestaci\u00f3n del servicio entre el titular del dato y el responsable del tratamiento y dicha informaci\u00f3n personal se conservar\u00e1 mientras se mantenga la prestaci\u00f3n del mismoo durante el tiempo estrictamente necesario para cumplir con las obligaciones legales.<\/p>\n<p>&nbsp;<\/p>\n<p><u>PERIODO DE CONSERVACI\u00d3N<\/u><\/p>\n<p>\u00a0Los datos proporcionados se conservar\u00e1n mientras se mantenga la prestaci\u00f3n del servicio o durante los a\u00f1os necesarios para cumplir con las obligaciones legales<\/p>\n<p>&nbsp;<\/p>\n<p><u>DESTINATARIOS<\/u><\/p>\n<p>Mientras dure el tratamiento de los datos del interesado, FOUR TOWERS VNG SL (LA GAMBARRADA) no ceder\u00e1 los datos a terceros, salvo que medie obligaci\u00f3n legal.<\/p>\n<p>En los supuestos que, para la realizaci\u00f3n de tratamientos de tipo administrativo, fiscal, contable y\/o comercial, se cuente con los servicios de terceros, se formalizar\u00e1 debidamente el preceptivo contrato de encargado de tratamiento, con la finalidad de garantizar la seguridad y confidencialidad de los datos del interesado frente a terceros.<\/p>\n<p><strong><em>\u00a0<\/em><\/strong><\/p>\n<p><u>DERECHOS<\/u><\/p>\n<p>Las personas interesadas tienen derecho a\u00a0acceder\u00a0a sus datos de car\u00e1cter personal, as\u00ed como a solicitar la\u00a0rectificaci\u00f3n\u00a0de datos inexactos o, en su caso, solicitar la\u00a0supresi\u00f3n\u00a0cuando, entre otros motivos, los datos ya no sean necesarios para la finalidad que fueron entregados as\u00ed como\u00a0retirar el consentimiento otorgado. Tambi\u00e9n puede ejercer su derecho a la\u00a0limitaci\u00f3n del tratamiento, de forma que sus datos no ser\u00e1n suprimidos pero el tratamiento de los mismos estar\u00e1 sujeto a limitaciones.<\/p>\n<p>Los ejercicios de portabilidad y automatizaci\u00f3n de decisiones no aplican en este caso por la tipolog\u00eda de datos y tratamiento de los mismos.<\/p>\n<p>&nbsp;<\/p>\n\r\n<p>\u00a0[\/vc_column_text][\/vc_column][\/vc_row][vc_row css_animation=\u00bb\u00bb row_type=\u00bbrow\u00bb use_row_as_full_screen_section=\u00bbno\u00bb type=\u00bbfull_width\u00bb angled_section=\u00bbno\u00bb text_align=\u00bbleft\u00bb background_image_as_pattern=\u00bbwithout_pattern\u00bb][vc_column][\/vc_column][\/vc_row]<\/p>","protected":false},"excerpt":{"rendered":"<p>[vc_row css_animation=\u00bb\u00bb row_type=\u00bbrow\u00bb use_row_as_full_screen_section=\u00bbno\u00bb type=\u00bbfull_width\u00bb angled_section=\u00bbno\u00bb text_align=\u00bbleft\u00bb background_image_as_pattern=\u00bbwithout_pattern\u00bb][vc_column][vc_empty_space height=\u00bb160px\u00bb][vc_column_text] \u00a0[\/vc_column_text][\/vc_column][\/vc_row][vc_row css_animation=\u00bb\u00bb row_type=\u00bbrow\u00bb use_row_as_full_screen_section=\u00bbno\u00bb type=\u00bbfull_width\u00bb angled_section=\u00bbno\u00bb text_align=\u00bbleft\u00bb background_image_as_pattern=\u00bbwithout_pattern\u00bb][vc_column][\/vc_column][\/vc_row]<\/p>\n","protected":false},"author":1,"featured_media":0,"parent":0,"menu_order":0,"comment_status":"closed","ping_status":"closed","template":"elementor_theme","meta":[],"_links":{"self":[{"href":"https:\/\/www.lagambarrada.com\/es\/wp-json\/wp\/v2\/pages\/4752"}],"collection":[{"href":"https:\/\/www.lagambarrada.com\/es\/wp-json\/wp\/v2\/pages"}],"about":[{"href":"https:\/\/www.lagambarrada.com\/es\/wp-json\/wp\/v2\/types\/page"}],"author":[{"embeddable":true,"href":"https:\/\/www.lagambarrada.com\/es\/wp-json\/wp\/v2\/users\/1"}],"replies":[{"embeddable":true,"href":"https:\/\/www.lagambarrada.com\/es\/wp-json\/wp\/v2\/comments?post=4752"}],"version-history":[{"count":4,"href":"https:\/\/www.lagambarrada.com\/es\/wp-json\/wp\/v2\/pages\/4752\/revisions"}],"predecessor-version":[{"id":4762,"href":"https:\/\/www.lagambarrada.com\/es\/wp-json\/wp\/v2\/pages\/4752\/revisions\/4762"}],"wp:attachment":[{"href":"https:\/\/www.lagambarrada.com\/es\/wp-json\/wp\/v2\/media?parent=4752"}],"curies":[{"name":"wp","href":"https:\/\/api.w.org\/{rel}","templated":true}]}}